{"id":82,"date":"2016-10-04T00:41:21","date_gmt":"2016-10-03T22:41:21","guid":{"rendered":"http:\/\/www.liguedroitsenfant.be\/chartelgbtqi\/?page_id=82"},"modified":"2018-11-21T13:48:59","modified_gmt":"2018-11-21T12:48:59","slug":"outils-pedagogiques","status":"publish","type":"page","link":"https:\/\/www.liguedroitsenfant.be\/ecolepourtoutes\/outils-pedagogiques\/","title":{"rendered":"Animations en classe"},"content":{"rendered":"<p>[et_pb_section bb_built=\u00a0\u00bb1&Prime; admin_label=\u00a0\u00bbsection\u00a0\u00bb _builder_version=\u00a0\u00bb3.0.106&Prime;][et_pb_row padding_mobile=\u00a0\u00bboff\u00a0\u00bb column_padding_mobile=\u00a0\u00bbon\u00a0\u00bb parallax_method_1=\u00a0\u00bboff\u00a0\u00bb parallax_method_2=\u00a0\u00bboff\u00a0\u00bb _builder_version=\u00a0\u00bb3.0.106&Prime; background_image=\u00a0\u00bbhttp:\/\/www.liguedroitsenfant.be\/ecolepourtoutes\/wp-content\/uploads\/sites\/6\/2018\/11\/art-art-materials-artistic-542556.jpg\u00a0\u00bb background_position=\u00a0\u00bbtop_left\u00a0\u00bb background_repeat=\u00a0\u00bbrepeat\u00a0\u00bb make_fullwidth=\u00a0\u00bbon\u00a0\u00bb][et_pb_column type=\u00a0\u00bb1_4&Prime;][et_pb_text _builder_version=\u00a0\u00bb3.0.47&Prime; background_size=\u00a0\u00bbinitial\u00a0\u00bb background_position=\u00a0\u00bbtop_left\u00a0\u00bb background_repeat=\u00a0\u00bbrepeat\u00a0\u00bb use_border_color=\u00a0\u00bboff\u00a0\u00bb border_color=\u00a0\u00bb#ffffff\u00a0\u00bb border_style=\u00a0\u00bbsolid\u00a0\u00bb]<\/p>\n<h1><span style=\"color: #ffffff;\">Animations<span style=\"font-size: medium;\"> \u00e0 destination des \u00e9l\u00e8ves<\/span><\/span><\/h1>\n<p>[\/et_pb_text][\/et_pb_column][et_pb_column type=\u00a0\u00bb3_4&Prime;][et_pb_toggle title=\u00a0\u00bbAlter Visio &#8211; Parcours primaire\u00a0\u00bb _builder_version=\u00a0\u00bb3.0.47&Prime; background_size=\u00a0\u00bbinitial\u00a0\u00bb background_position=\u00a0\u00bbtop_left\u00a0\u00bb background_repeat=\u00a0\u00bbrepeat\u00a0\u00bb use_border_color=\u00a0\u00bboff\u00a0\u00bb border_color=\u00a0\u00bb#ffffff\u00a0\u00bb border_style=\u00a0\u00bbsolid\u00a0\u00bb saved_tabs=\u00a0\u00bball\u00a0\u00bb]<\/p>\n<p><img loading=\"lazy\" decoding=\"async\" class=\" wp-image-69 alignleft\" src=\"..\/..\/chartelgbtqi\/wp-content\/uploads\/sites\/6\/2016\/10\/alter-visio_logo_couleurs_250px.png\" alt=\"alter-visio_logo_couleurs_250px\" width=\"125\" height=\"141\" \/><\/p>\n<div class=\"page\" title=\"Page 6\">\n<div class=\"section\">\n<div class=\"layoutArea\">\n<div class=\"column\">\n<p>L\u2019\u00c9ducation \u00e0 la Vie Relationnelle Affective et Sexuelle(EVRAS) est une priorit\u00e9 pour tous les enfants et les jeunes. Toutes nos animations sont gratuites et accessibles \u00e0 tout public !<\/p>\n<p>Nous sensibilisons les \u00e9l\u00e8ves autour des discriminations li\u00e9es \u00e0 la diversit\u00e9 des identit\u00e9s de genre et des orientations sexuelles. La m\u00e9thodologie que nous proposons permet aux \u00e9l\u00e8ves de s\u2019exprimer, se poser des questions, se mettre en action et de d\u00e9velopper l\u2019esprit critique sur les identit\u00e9s de genre et orientations sexuelles.<\/p>\n<div class=\"page\" title=\"Page 7\">\n<div class=\"section\">\n<div class=\"layoutArea\">\n<div class=\"column\">\n<p><strong>M\u00e9thodologie<\/strong><\/p>\n<p>Afin de lutter contre les rejets et les discriminations, nousveillons &#8211; dans l\u2019ensemble de nos activit\u00e9s &#8211; \u00e0 aborder la diversit\u00e9 des identit\u00e9s de genre et des orientations sexuelles de fa\u00e7on globale. Nous pr\u00e9f\u00e9rons une approche d\u2019accompagnement et de pr\u00e9vention en allant \u00e0 la rencontre des jeunes sur le moyen terme. Notre intention est de cr\u00e9er un lien avec eux.elles dans le cadre d\u2019un processus plus global d\u2019expression, de rencontre et de compr\u00e9hension de l\u2019autre. Ces moments d\u2019animations se font en pr\u00e9sence d\u2019un.e professeur.e ou \u00e9ducateur.trice.<\/p>\n<p>Toutes nos animations scolaires s\u2019inscrivent dans le cadre de l\u2019EVRAS, c\u2019est-\u00e0-dire dans une optique de pr\u00e9vention de la violence, de promotion des relations respectueuses entre jeunes ainsi que de d\u00e9construction des st\u00e9r\u00e9otypes de nature sexiste, homophobe, transphobe etc., en rencontrant les enseignant.e.s en amont pour leur pr\u00e9senter notre mode de fonctionnement et en aval pour une \u00e9valuation.<\/p>\n<p><strong>Contenu &#8211; 2X40 minutes par animation, parcours de 240 minutes<\/strong><\/p>\n<div class=\"page\" title=\"Page 8\">\n<div class=\"section\">\n<div class=\"layoutArea\">\n<div class=\"column\">\n<p>&nbsp;<\/p>\n<p><strong><em>Les diversit\u00e9s<\/em><\/strong><\/p>\n<\/div>\n<\/div>\n<div class=\"layoutArea\">\n<div class=\"column\">\n<p>Prendre conscience des identit\u00e9s qui nous entourent.<\/p>\n<p><em><strong>Les familles<br \/>\n<\/strong><\/em>Questionner les r\u00f4les au sein de la famille et se rendre compte des autres compositions familiales.<\/p>\n<p><strong><em>Les amours<br \/>\n<\/em><\/strong><span style=\"font-size: 16px;\">Affronter les sentiments amoureux et les relations dans<\/span><span style=\"font-size: 16px;\">la soci\u00e9t\u00e9.<\/span><\/p>\n<p>&nbsp;<\/p>\n<div class=\"page\" title=\"Page 9\">\n<div class=\"section\">\n<div class=\"layoutArea\">\n<div class=\"column\">\n<p><strong>Animations alternatives disponibles<\/strong><\/p>\n<p><strong><em>L<\/em><\/strong><strong><em>ivre de jeunesse<\/em><\/strong><br \/>\nMonstre Rose : ma diversit\u00e9, mes amours.<\/p>\n<p><strong><em>Livre de jeunesse<\/em><\/strong><br \/>\n<span style=\"font-size: 16px;\">En famille : identit\u00e9, droits des enfants, homoparentalit\u00e9.<\/span><\/p>\n<p><strong><em>Livre de jeunesse<\/em><\/strong><br \/>\n<span style=\"font-size: 16px;\">Leotolda : identit\u00e9, identit\u00e9s de genre, orientations sexuelles.<\/span><\/p>\n<\/div>\n<\/div>\n<\/div>\n<\/div>\n<\/div>\n<\/div>\n<\/div>\n<\/div>\n<\/div>\n<\/div>\n<\/div>\n<\/div>\n<\/div>\n<\/div>\n<\/div>\n<\/div>\n<p>&nbsp;<\/p>\n<p>[\/et_pb_toggle][et_pb_toggle title=\u00a0\u00bbAlter Visio &#8211; Parcours secondaire\u00a0\u00bb _builder_version=\u00a0\u00bb3.0.47&Prime; background_size=\u00a0\u00bbinitial\u00a0\u00bb background_position=\u00a0\u00bbtop_left\u00a0\u00bb background_repeat=\u00a0\u00bbrepeat\u00a0\u00bb use_border_color=\u00a0\u00bboff\u00a0\u00bb border_color=\u00a0\u00bb#ffffff\u00a0\u00bb border_style=\u00a0\u00bbsolid\u00a0\u00bb saved_tabs=\u00a0\u00bball\u00a0\u00bb]<\/p>\n<p><img loading=\"lazy\" decoding=\"async\" class=\" wp-image-69 alignleft\" src=\"..\/..\/chartelgbtqi\/wp-content\/uploads\/sites\/6\/2016\/10\/alter-visio_logo_couleurs_250px.png\" alt=\"alter-visio_logo_couleurs_250px\" width=\"125\" height=\"141\" \/><\/p>\n<div class=\"page\" title=\"Page 6\">\n<div class=\"section\">\n<div class=\"layoutArea\">\n<div class=\"column\">\n<p>L\u2019\u00c9ducation \u00e0 la Vie Relationnelle Affective et Sexuelle(EVRAS) est une priorit\u00e9 pour tous les enfants et les jeunes. Toutes nos animations sont gratuites et accessibles \u00e0 tout public !<\/p>\n<p>Nous sensibilisons les \u00e9l\u00e8ves autour des discriminations li\u00e9es \u00e0 la diversit\u00e9 des identit\u00e9s de genre et des orientations sexuelles. La m\u00e9thodologie que nous proposons permet aux \u00e9l\u00e8ves de s\u2019exprimer, se poser des questions, se mettre en action et de d\u00e9velopper l\u2019esprit critique sur les identit\u00e9s de genre et orientations sexuelles.<\/p>\n<div class=\"page\" title=\"Page 7\">\n<div class=\"section\">\n<div class=\"layoutArea\">\n<div class=\"column\">\n<p><strong>M\u00e9thodologie<\/strong><\/p>\n<p>Afin de lutter contre les rejets et les discriminations, nousveillons &#8211; dans l\u2019ensemble de nos activit\u00e9s &#8211; \u00e0 aborder la diversit\u00e9 des identit\u00e9s de genre et des orientations sexuelles de fa\u00e7on globale. Nous pr\u00e9f\u00e9rons une approche d\u2019accompagnement et de pr\u00e9vention en allant \u00e0 la rencontre des jeunes sur le moyen terme. Notre intention est de cr\u00e9er un lien avec eux.elles dans le cadre d\u2019un processus plus global d\u2019expression, de rencontre et de compr\u00e9hension de l\u2019autre. Ces moments d\u2019animations se font en pr\u00e9sence d\u2019un.e professeur.e ou \u00e9ducateur.trice.<\/p>\n<p>Toutes nos animations scolaires s\u2019inscrivent dans le cadre de l\u2019EVRAS, c\u2019est-\u00e0-dire dans une optique de pr\u00e9vention de la violence, de promotion des relations respectueuses entre jeunes ainsi que de d\u00e9construction des st\u00e9r\u00e9otypes de nature sexiste, homophobe, transphobe etc., en rencontrant les enseignant.e.s en amont pour leur pr\u00e9senter notre mode de fonctionnement et en aval pour une \u00e9valuation.<\/p>\n<p><strong>Contenu &#8211; 2X50 minutes par animation, parcours de 300 minutes ou 500 minutes<\/strong><\/p>\n<div class=\"page\" title=\"Page 8\">\n<div class=\"section\">\n<div class=\"layoutArea\">\n<div class=\"column\">\n<p>&nbsp;<\/p>\n<div class=\"page\" title=\"Page 10\">\n<div class=\"section\">\n<div class=\"layoutArea\">\n<div class=\"column\">\n<p><strong><em>Le harc\u00e8lement<br \/>\n<\/em><\/strong>La position des t\u00e9moinscomme acteurs principaux afinde favoriser un environnement sans discriminations.<\/p>\n<p><strong><em>L&rsquo;identit\u00e9<\/em><\/strong><\/p>\n<\/div>\n<\/div>\n<div class=\"layoutArea\">\n<div class=\"column\">\n<p>Prendre conscience de son identit\u00e9 au sein d&rsquo;un groupe, et apprendre \u00e0 prendre du recul.<\/p>\n<p><strong><em>L<\/em><em>a norme<\/em><\/strong><br \/>\nAccepter la diversit\u00e9 et l&rsquo;attitude inclusive en changeant de regard.<\/p>\n<div class=\"page\" title=\"Page 11\">\n<div class=\"section\">\n<div class=\"layoutArea\">\n<div class=\"column\">\n<p>Le genre<\/p>\n<p>Diff\u00e9rencier les \u00e9l\u00e9ments entre le sexe et le genre pourpermettre un dialogue serein avec une bonne ma\u00eetrisedes concepts affili\u00e9s.<\/p>\n<p>Les orientations sexuelles<\/p>\n<p>Travailler sur le langage sexiste, homophobe, transphobe. Se questionner sur la notion du choix autour des sexualit\u00e9s. D\u00e9bats sur les r\u00e9alit\u00e9s de l&rsquo;homosexualit\u00e9 en Belgique et dans le monde.<\/p>\n<\/div>\n<\/div>\n<\/div>\n<\/div>\n<\/div>\n<\/div>\n<\/div>\n<\/div>\n<\/div>\n<\/div>\n<\/div>\n<\/div>\n<\/div>\n<\/div>\n<\/div>\n<\/div>\n<\/div>\n<\/div>\n<\/div>\n<\/div>\n<p>&nbsp;<\/p>\n<p>[\/et_pb_toggle][et_pb_toggle title=\u00a0\u00bbLes CHEFF &#8211; Comment rep\u00e9rer un.e jeune en questionnement ?\u00a0\u00bb _builder_version=\u00a0\u00bb3.0.47&Prime; background_size=\u00a0\u00bbinitial\u00a0\u00bb background_position=\u00a0\u00bbtop_left\u00a0\u00bb background_repeat=\u00a0\u00bbrepeat\u00a0\u00bb use_border_color=\u00a0\u00bboff\u00a0\u00bb border_color=\u00a0\u00bb#ffffff\u00a0\u00bb border_style=\u00a0\u00bbsolid\u00a0\u00bb saved_tabs=\u00a0\u00bball\u00a0\u00bb]<\/p>\n<p><span style=\"color: #000000;\"><img loading=\"lazy\" decoding=\"async\" class=\"wp-image-66 alignleft\" src=\"http:\/\/www.liguedroitsenfant.be\/chartelgbtqi\/wp-content\/uploads\/sites\/6\/2016\/10\/lescheff-300x173.png\" alt=\"lescheff\" width=\"125\" height=\"72\" srcset=\"https:\/\/www.liguedroitsenfant.be\/ecolepourtoutes\/wp-content\/uploads\/sites\/6\/2016\/10\/lescheff-300x173.png 300w, https:\/\/www.liguedroitsenfant.be\/ecolepourtoutes\/wp-content\/uploads\/sites\/6\/2016\/10\/lescheff.png 489w\" sizes=\"(max-width: 125px) 100vw, 125px\" \/><\/span><\/p>\n<div><span style=\"color: #000000;\">Les CHEFF proposent un catalogue de formations, d\u2019animations et d\u2019outils p\u00e9dagogiques laiss\u00e9s \u00e0 la disposition du public afin de sensibiliser aux enjeux LGBTQI*. Ces modules s\u2019adressent \u00e0 des publics divers et vari\u00e9s enfants, adultes, professionnels, public averti ou non, il y en a pour tout le monde !<\/span><\/div>\n<div>\n<p><span style=\"color: #000000;\"><strong>Dur\u00e9e:<\/strong> 1h30<br \/>\n<strong>Contenu:<\/strong><\/span><\/p>\n<p align=\"LEFT\"><span style=\"color: #000000;\">Aliment\u00e9e par la lecture de t\u00e9moignages anonymes, la r\u00e9flexion des professionnels de la jeunesse pourra porter sur l\u2019objectif num\u00e9ro un, qui est de cerner les comportements des jeunes en questionnement afin de mieux les rep\u00e9rer sur le terrain. Il s\u2019agira ensuite de partir de ces m\u00eames t\u00e9moignages pour comprendre qui, et comment, dans le parcours du jeune, est parvenu \u00e0 lever ses angoisses et s\u2019inspirer de cette action salvatrice.<\/span><\/p>\n<p><strong><span style=\"color: #000000;\">Les objectifs :<\/span><\/strong><\/p>\n<ul>\n<li>\n<p lang=\"fr-BE\"><span style=\"color: #000000;\">Apprendre \u00e0 reconna\u00eetre et interpr\u00e9ter les comportements d\u2019un.e jeune en questionnement<\/span><\/p>\n<\/li>\n<li>\n<p lang=\"fr-BE\"><span style=\"color: #000000;\">Envisager les r\u00e9ponses ad\u00e9quates pour l\u2019accompagner au mieux dans son cheminement<\/span><\/p>\n<\/li>\n<\/ul>\n<p><span style=\"color: #000000;\"><strong>Co\u00fbt: <\/strong>remboursement des frais de d\u00e9placement et devis sur mesure<\/span><\/p>\n<p><span style=\"color: #000000;\">Pour acc\u00e9der aux formations propos\u00e9es par Les CHEFF, prenez sans attendre contact avec l&rsquo;\u00e9quipe de formation via le lien suivant :<\/span> <a href=\"http:\/\/www.lescheff.be\/\">http:\/\/www.lescheff.be\/<\/a><\/p>\n<\/div>\n<div><\/div>\n<p>[\/et_pb_toggle][et_pb_toggle title=\u00a0\u00bbLes CHEFF &#8211; Pratiques d&rsquo;\u00e9ducateurs face \u00e0 la diversit\u00e9 des genres et des attirances\u00a0\u00bb _builder_version=\u00a0\u00bb3.0.47&Prime; background_size=\u00a0\u00bbinitial\u00a0\u00bb background_position=\u00a0\u00bbtop_left\u00a0\u00bb background_repeat=\u00a0\u00bbrepeat\u00a0\u00bb use_border_color=\u00a0\u00bboff\u00a0\u00bb border_color=\u00a0\u00bb#ffffff\u00a0\u00bb border_style=\u00a0\u00bbsolid\u00a0\u00bb saved_tabs=\u00a0\u00bball\u00a0\u00bb]<\/p>\n<p><span style=\"color: #000000;\"><img loading=\"lazy\" decoding=\"async\" class=\"wp-image-66 alignleft\" src=\"http:\/\/www.liguedroitsenfant.be\/chartelgbtqi\/wp-content\/uploads\/sites\/6\/2016\/10\/lescheff-300x173.png\" alt=\"lescheff\" width=\"125\" height=\"72\" srcset=\"https:\/\/www.liguedroitsenfant.be\/ecolepourtoutes\/wp-content\/uploads\/sites\/6\/2016\/10\/lescheff-300x173.png 300w, https:\/\/www.liguedroitsenfant.be\/ecolepourtoutes\/wp-content\/uploads\/sites\/6\/2016\/10\/lescheff.png 489w\" sizes=\"(max-width: 125px) 100vw, 125px\" \/><\/span><\/p>\n<div><span style=\"color: #000000;\">Les CHEFF proposent un catalogue de formations, d\u2019animations et d\u2019outils p\u00e9dagogiques laiss\u00e9s \u00e0 la disposition du public afin de sensibiliser aux enjeux LGBTQI*. Ces modules s\u2019adressent \u00e0 des publics divers et vari\u00e9s enfants, adultes, professionnels, public averti ou non, il y en a pour tout le monde !<\/span><\/div>\n<div>\n<p lang=\"fr-BE\"><span style=\"color: #000000;\"><strong>Dur\u00e9e: <\/strong>2X3 heures ou une journ\u00e9e compl\u00e8te, avec pause de midi<br \/>\n<strong>Contenu :<\/strong> <\/span><\/p>\n<p lang=\"fr-BE\" align=\"LEFT\"><span style=\"color: #000000;\">Le premier objectif pourra \u00eatre atteint de diff\u00e9rentes mani\u00e8res, selon les envies et besoins du groupe : par le t\u00e9moignage en direct (intervention du GrIS), au travers du module \u00ab jeune en questionnement \u00bb (voir plus haut) ou encore \u00e0 travers une animation cr\u00e9\u00e9e sur mesure. La position de l\u2019\u00e9ducateur sera ensuite abord\u00e9e collectivement, en fonction de l\u2019exp\u00e9rience de terrain du groupe, en vue d\u2019acqu\u00e9rir une grille de lecture avis\u00e9e et de r\u00e9agir &#8211; si n\u00e9cessaire &#8211; aux situations rencontr\u00e9es de fa\u00e7on opportune.<\/span><\/p>\n<p lang=\"fr-BE\"><strong><span style=\"color: #000000;\">Les objectifs :<\/span><\/strong><\/p>\n<ul>\n<li>\n<p lang=\"fr-BE\"><span style=\"color: #000000;\">Sensibiliser \u00e0 la diversit\u00e9 des genres et des attirances<\/span><\/p>\n<\/li>\n<li>\n<p lang=\"fr-BE\"><span style=\"color: #000000;\">Aborder la position de l\u2019\u00e9ducateur pour tenter de cibler les actions\/ r\u00e9actions ad\u00e9quates<\/span><\/p>\n<\/li>\n<\/ul>\n<p lang=\"fr-BE\" align=\"LEFT\"><span style=\"color: #000000;\"><strong>Mat\u00e9riel:<\/strong> mat\u00e9riel de projection, tableau, local spacieux<br \/>\n<strong>Co\u00fbt: <\/strong>remboursement des frais de d\u00e9placement et devis sur mesure<\/span><\/p>\n<p lang=\"fr-BE\" align=\"LEFT\"><span style=\"color: #000000;\">Pour acc\u00e9der aux formations propos\u00e9es par Les CHEFF, prenez sans attendre contact avec l&rsquo;\u00e9quipe de formation via le lien suivant :<\/span> <a href=\"http:\/\/www.lescheff.be\/\">http:\/\/www.lescheff.be\/<\/a><\/p>\n<\/div>\n<p>[\/et_pb_toggle][\/et_pb_column][\/et_pb_row][\/et_pb_section]<\/p>\n","protected":false},"excerpt":{"rendered":"<p>Animations \u00e0 destination des \u00e9l\u00e8ves L\u2019\u00c9ducation \u00e0 la Vie Relationnelle Affective et Sexuelle(EVRAS) est une priorit\u00e9 pour tous les enfants et les jeunes. Toutes nos animations sont gratuites et accessibles \u00e0 tout public ! Nous sensibilisons les \u00e9l\u00e8ves autour des discriminations li\u00e9es \u00e0 la diversit\u00e9 des identit\u00e9s de genre et des orientations sexuelles. La m\u00e9thodologie [&hellip;]<\/p>\n","protected":false},"author":9,"featured_media":0,"parent":0,"menu_order":0,"comment_status":"closed","ping_status":"closed","template":"","meta":{"_et_pb_use_builder":"on","_et_pb_old_content":"","_et_gb_content_width":"","footnotes":""},"class_list":["post-82","page","type-page","status-publish","hentry"],"yoast_head":"<!-- This site is optimized with the Yoast SEO plugin v27.4 - https:\/\/yoast.com\/product\/yoast-seo-wordpress\/ -->\n<title>Animations en classe - Ecole pour tout\u00b7e\u00b7s<\/title>\n<meta name=\"robots\" content=\"index, follow, max-snippet:-1, max-image-preview:large, max-video-preview:-1\" \/>\n<link rel=\"canonical\" href=\"http:\/\/www.liguedroitsenfant.be\/ecolepourtoutes\/outils-pedagogiques\/\" \/>\n<meta property=\"og:locale\" content=\"fr_FR\" \/>\n<meta property=\"og:type\" content=\"article\" \/>\n<meta property=\"og:title\" content=\"Animations en classe - Ecole pour tout\u00b7e\u00b7s\" \/>\n<meta property=\"og:description\" content=\"Animations \u00e0 destination des \u00e9l\u00e8ves L\u2019\u00c9ducation \u00e0 la Vie Relationnelle Affective et Sexuelle(EVRAS) est une priorit\u00e9 pour tous les enfants et les jeunes. Toutes nos animations sont gratuites et accessibles \u00e0 tout public ! Nous sensibilisons les \u00e9l\u00e8ves autour des discriminations li\u00e9es \u00e0 la diversit\u00e9 des identit\u00e9s de genre et des orientations sexuelles. La m\u00e9thodologie [&hellip;]\" \/>\n<meta property=\"og:url\" content=\"http:\/\/www.liguedroitsenfant.be\/ecolepourtoutes\/outils-pedagogiques\/\" \/>\n<meta property=\"og:site_name\" content=\"Ecole pour tout\u00b7e\u00b7s\" \/>\n<meta property=\"article:modified_time\" content=\"2018-11-21T12:48:59+00:00\" \/>\n<meta property=\"og:image\" content=\"http:\/\/www.liguedroitsenfant.be\/chartelgbtqi\/wp-content\/uploads\/sites\/6\/2016\/10\/lescheff-300x173.png\" \/>\n<meta name=\"twitter:card\" content=\"summary_large_image\" \/>\n<meta name=\"twitter:label1\" content=\"Dur\u00e9e de lecture estim\u00e9e\" \/>\n\t<meta name=\"twitter:data1\" content=\"7 minutes\" \/>\n<script type=\"application\/ld+json\" class=\"yoast-schema-graph\">{\"@context\":\"https:\\\/\\\/schema.org\",\"@graph\":[{\"@type\":\"WebPage\",\"@id\":\"http:\\\/\\\/www.liguedroitsenfant.be\\\/ecolepourtoutes\\\/outils-pedagogiques\\\/\",\"url\":\"http:\\\/\\\/www.liguedroitsenfant.be\\\/ecolepourtoutes\\\/outils-pedagogiques\\\/\",\"name\":\"Animations en classe - Ecole pour tout\u00b7e\u00b7s\",\"isPartOf\":{\"@id\":\"https:\\\/\\\/www.liguedroitsenfant.be\\\/ecolepourtoutes\\\/#website\"},\"primaryImageOfPage\":{\"@id\":\"http:\\\/\\\/www.liguedroitsenfant.be\\\/ecolepourtoutes\\\/outils-pedagogiques\\\/#primaryimage\"},\"image\":{\"@id\":\"http:\\\/\\\/www.liguedroitsenfant.be\\\/ecolepourtoutes\\\/outils-pedagogiques\\\/#primaryimage\"},\"thumbnailUrl\":\"http:\\\/\\\/www.liguedroitsenfant.be\\\/chartelgbtqi\\\/wp-content\\\/uploads\\\/sites\\\/6\\\/2016\\\/10\\\/lescheff-300x173.png\",\"datePublished\":\"2016-10-03T22:41:21+00:00\",\"dateModified\":\"2018-11-21T12:48:59+00:00\",\"breadcrumb\":{\"@id\":\"http:\\\/\\\/www.liguedroitsenfant.be\\\/ecolepourtoutes\\\/outils-pedagogiques\\\/#breadcrumb\"},\"inLanguage\":\"fr-FR\",\"potentialAction\":[{\"@type\":\"ReadAction\",\"target\":[\"http:\\\/\\\/www.liguedroitsenfant.be\\\/ecolepourtoutes\\\/outils-pedagogiques\\\/\"]}]},{\"@type\":\"ImageObject\",\"inLanguage\":\"fr-FR\",\"@id\":\"http:\\\/\\\/www.liguedroitsenfant.be\\\/ecolepourtoutes\\\/outils-pedagogiques\\\/#primaryimage\",\"url\":\"http:\\\/\\\/www.liguedroitsenfant.be\\\/chartelgbtqi\\\/wp-content\\\/uploads\\\/sites\\\/6\\\/2016\\\/10\\\/lescheff-300x173.png\",\"contentUrl\":\"http:\\\/\\\/www.liguedroitsenfant.be\\\/chartelgbtqi\\\/wp-content\\\/uploads\\\/sites\\\/6\\\/2016\\\/10\\\/lescheff-300x173.png\"},{\"@type\":\"BreadcrumbList\",\"@id\":\"http:\\\/\\\/www.liguedroitsenfant.be\\\/ecolepourtoutes\\\/outils-pedagogiques\\\/#breadcrumb\",\"itemListElement\":[{\"@type\":\"ListItem\",\"position\":1,\"name\":\"Accueil\",\"item\":\"https:\\\/\\\/www.liguedroitsenfant.be\\\/ecolepourtoutes\\\/\"},{\"@type\":\"ListItem\",\"position\":2,\"name\":\"Animations en classe\"}]},{\"@type\":\"WebSite\",\"@id\":\"https:\\\/\\\/www.liguedroitsenfant.be\\\/ecolepourtoutes\\\/#website\",\"url\":\"https:\\\/\\\/www.liguedroitsenfant.be\\\/ecolepourtoutes\\\/\",\"name\":\"Ecole pour tout\u00b7e\u00b7s\",\"description\":\"Un site utilisant Sites Ligue des Droits de l'Enfant\",\"potentialAction\":[{\"@type\":\"SearchAction\",\"target\":{\"@type\":\"EntryPoint\",\"urlTemplate\":\"https:\\\/\\\/www.liguedroitsenfant.be\\\/ecolepourtoutes\\\/?s={search_term_string}\"},\"query-input\":{\"@type\":\"PropertyValueSpecification\",\"valueRequired\":true,\"valueName\":\"search_term_string\"}}],\"inLanguage\":\"fr-FR\"}]}<\/script>\n<!-- \/ Yoast SEO plugin. -->","yoast_head_json":{"title":"Animations en classe - Ecole pour tout\u00b7e\u00b7s","robots":{"index":"index","follow":"follow","max-snippet":"max-snippet:-1","max-image-preview":"max-image-preview:large","max-video-preview":"max-video-preview:-1"},"canonical":"http:\/\/www.liguedroitsenfant.be\/ecolepourtoutes\/outils-pedagogiques\/","og_locale":"fr_FR","og_type":"article","og_title":"Animations en classe - Ecole pour tout\u00b7e\u00b7s","og_description":"Animations \u00e0 destination des \u00e9l\u00e8ves L\u2019\u00c9ducation \u00e0 la Vie Relationnelle Affective et Sexuelle(EVRAS) est une priorit\u00e9 pour tous les enfants et les jeunes. Toutes nos animations sont gratuites et accessibles \u00e0 tout public ! Nous sensibilisons les \u00e9l\u00e8ves autour des discriminations li\u00e9es \u00e0 la diversit\u00e9 des identit\u00e9s de genre et des orientations sexuelles. La m\u00e9thodologie [&hellip;]","og_url":"http:\/\/www.liguedroitsenfant.be\/ecolepourtoutes\/outils-pedagogiques\/","og_site_name":"Ecole pour tout\u00b7e\u00b7s","article_modified_time":"2018-11-21T12:48:59+00:00","og_image":[{"url":"http:\/\/www.liguedroitsenfant.be\/chartelgbtqi\/wp-content\/uploads\/sites\/6\/2016\/10\/lescheff-300x173.png","type":"","width":"","height":""}],"twitter_card":"summary_large_image","twitter_misc":{"Dur\u00e9e de lecture estim\u00e9e":"7 minutes"},"schema":{"@context":"https:\/\/schema.org","@graph":[{"@type":"WebPage","@id":"http:\/\/www.liguedroitsenfant.be\/ecolepourtoutes\/outils-pedagogiques\/","url":"http:\/\/www.liguedroitsenfant.be\/ecolepourtoutes\/outils-pedagogiques\/","name":"Animations en classe - Ecole pour tout\u00b7e\u00b7s","isPartOf":{"@id":"https:\/\/www.liguedroitsenfant.be\/ecolepourtoutes\/#website"},"primaryImageOfPage":{"@id":"http:\/\/www.liguedroitsenfant.be\/ecolepourtoutes\/outils-pedagogiques\/#primaryimage"},"image":{"@id":"http:\/\/www.liguedroitsenfant.be\/ecolepourtoutes\/outils-pedagogiques\/#primaryimage"},"thumbnailUrl":"http:\/\/www.liguedroitsenfant.be\/chartelgbtqi\/wp-content\/uploads\/sites\/6\/2016\/10\/lescheff-300x173.png","datePublished":"2016-10-03T22:41:21+00:00","dateModified":"2018-11-21T12:48:59+00:00","breadcrumb":{"@id":"http:\/\/www.liguedroitsenfant.be\/ecolepourtoutes\/outils-pedagogiques\/#breadcrumb"},"inLanguage":"fr-FR","potentialAction":[{"@type":"ReadAction","target":["http:\/\/www.liguedroitsenfant.be\/ecolepourtoutes\/outils-pedagogiques\/"]}]},{"@type":"ImageObject","inLanguage":"fr-FR","@id":"http:\/\/www.liguedroitsenfant.be\/ecolepourtoutes\/outils-pedagogiques\/#primaryimage","url":"http:\/\/www.liguedroitsenfant.be\/chartelgbtqi\/wp-content\/uploads\/sites\/6\/2016\/10\/lescheff-300x173.png","contentUrl":"http:\/\/www.liguedroitsenfant.be\/chartelgbtqi\/wp-content\/uploads\/sites\/6\/2016\/10\/lescheff-300x173.png"},{"@type":"BreadcrumbList","@id":"http:\/\/www.liguedroitsenfant.be\/ecolepourtoutes\/outils-pedagogiques\/#breadcrumb","itemListElement":[{"@type":"ListItem","position":1,"name":"Accueil","item":"https:\/\/www.liguedroitsenfant.be\/ecolepourtoutes\/"},{"@type":"ListItem","position":2,"name":"Animations en classe"}]},{"@type":"WebSite","@id":"https:\/\/www.liguedroitsenfant.be\/ecolepourtoutes\/#website","url":"https:\/\/www.liguedroitsenfant.be\/ecolepourtoutes\/","name":"Ecole pour tout\u00b7e\u00b7s","description":"Un site utilisant Sites Ligue des Droits de l'Enfant","potentialAction":[{"@type":"SearchAction","target":{"@type":"EntryPoint","urlTemplate":"https:\/\/www.liguedroitsenfant.be\/ecolepourtoutes\/?s={search_term_string}"},"query-input":{"@type":"PropertyValueSpecification","valueRequired":true,"valueName":"search_term_string"}}],"inLanguage":"fr-FR"}]}},"_links":{"self":[{"href":"https:\/\/www.liguedroitsenfant.be\/ecolepourtoutes\/wp-json\/wp\/v2\/pages\/82","targetHints":{"allow":["GET"]}}],"collection":[{"href":"https:\/\/www.liguedroitsenfant.be\/ecolepourtoutes\/wp-json\/wp\/v2\/pages"}],"about":[{"href":"https:\/\/www.liguedroitsenfant.be\/ecolepourtoutes\/wp-json\/wp\/v2\/types\/page"}],"author":[{"embeddable":true,"href":"https:\/\/www.liguedroitsenfant.be\/ecolepourtoutes\/wp-json\/wp\/v2\/users\/9"}],"replies":[{"embeddable":true,"href":"https:\/\/www.liguedroitsenfant.be\/ecolepourtoutes\/wp-json\/wp\/v2\/comments?post=82"}],"version-history":[{"count":0,"href":"https:\/\/www.liguedroitsenfant.be\/ecolepourtoutes\/wp-json\/wp\/v2\/pages\/82\/revisions"}],"wp:attachment":[{"href":"https:\/\/www.liguedroitsenfant.be\/ecolepourtoutes\/wp-json\/wp\/v2\/media?parent=82"}],"curies":[{"name":"wp","href":"https:\/\/api.w.org\/{rel}","templated":true}]}}