{"id":2,"date":"2016-10-03T01:01:40","date_gmt":"2016-10-02T23:01:40","guid":{"rendered":"http:\/\/www.liguedroitsenfant.be\/chartelgbtqi\/?page_id=2"},"modified":"2018-11-21T12:13:18","modified_gmt":"2018-11-21T11:13:18","slug":"page-d-exemple","status":"publish","type":"page","link":"https:\/\/www.liguedroitsenfant.be\/ecolepourtoutes\/","title":{"rendered":"acceuil"},"content":{"rendered":"<p>[et_pb_section bb_built=\u00a0\u00bb1&Prime; custom_padding_last_edited=\u00a0\u00bbon|desktop\u00a0\u00bb _builder_version=\u00a0\u00bb3.0.106&Prime; custom_padding=\u00a0\u00bb0|0px|0|0px\u00a0\u00bb custom_padding_tablet=\u00a0\u00bb50px|0|50px|0&Prime; next_background_color=\u00a0\u00bb#000000&Prime;][et_pb_row make_fullwidth=\u00a0\u00bbon\u00a0\u00bb custom_padding=\u00a0\u00bb0|0px|0|0px\u00a0\u00bb column_padding_mobile=\u00a0\u00bbon\u00a0\u00bb _builder_version=\u00a0\u00bb3.0.106&Prime; background_size=\u00a0\u00bbinitial\u00a0\u00bb background_position=\u00a0\u00bbtop_left\u00a0\u00bb background_repeat=\u00a0\u00bbrepeat\u00a0\u00bb][et_pb_column type=\u00a0\u00bb1_2&Prime;][et_pb_image src=\u00a0\u00bbhttp:\/\/www.liguedroitsenfant.be\/chartelgbtqi\/wp-content\/uploads\/sites\/6\/2018\/11\/Logo-\u00e9cole-pour-toute-11-fond-blanc.png\u00a0\u00bb _builder_version=\u00a0\u00bb3.0.106&Prime;]<br \/>\n[\/et_pb_image][\/et_pb_column][et_pb_column type=\u00a0\u00bb1_2&Prime;][et_pb_video src=\u00a0\u00bbhttps:\/\/youtu.be\/dv-TOhV7DvI\u00a0\u00bb _builder_version=\u00a0\u00bb3.0.106&Prime; max_width=\u00a0\u00bb78%\u00a0\u00bb module_alignment=\u00a0\u00bbleft\u00a0\u00bb]<br \/>\n[\/et_pb_video][et_pb_text _builder_version=\u00a0\u00bb3.0.106&Prime; text_font=\u00a0\u00bb||||||||\u00a0\u00bb header_font=\u00a0\u00bb||||||||\u00a0\u00bb]<\/p>\n<h6 style=\"text-align: left;\">L\u00e9one Fran\u00e7ois,<\/h6>\n<h6>marraine \u00e9cole pour tout\u00b7e\u00b7s<\/h6>\n<p>[\/et_pb_text][\/et_pb_column][\/et_pb_row][et_pb_row use_custom_width=\u00a0\u00bbon\u00a0\u00bb width_unit=\u00a0\u00bboff\u00a0\u00bb _builder_version=\u00a0\u00bb3.0.106&Prime;][et_pb_column type=\u00a0\u00bb4_4&Prime;][et_pb_text _builder_version=\u00a0\u00bb3.0.106&Prime;]<\/p>\n<h2 style=\"text-align: left;\"><strong>La charte<\/strong><\/h2>\n<p>[\/et_pb_text][\/et_pb_column][\/et_pb_row][\/et_pb_section][et_pb_section bb_built=\u00a0\u00bb1&Prime; _builder_version=\u00a0\u00bb3.0.106&Prime; custom_padding=\u00a0\u00bb0px|0px|0px|0px\u00a0\u00bb prev_background_color=\u00a0\u00bb#000000&Prime; next_background_color=\u00a0\u00bb#000000&Prime;][et_pb_row use_custom_width=\u00a0\u00bbon\u00a0\u00bb width_unit=\u00a0\u00bboff\u00a0\u00bb custom_width_percent=\u00a0\u00bb100%\u00a0\u00bb custom_padding=\u00a0\u00bb25px|0px|25px|0px\u00a0\u00bb _builder_version=\u00a0\u00bb3.0.106&Prime; background_image=\u00a0\u00bbhttp:\/\/www.liguedroitsenfant.be\/chartelgbtqi\/wp-content\/uploads\/sites\/6\/2018\/11\/LGBTQI-Pride.jpg\u00a0\u00bb module_alignment=\u00a0\u00bbcenter\u00a0\u00bb][et_pb_column type=\u00a0\u00bb1_3&Prime;][et_pb_image src=\u00a0\u00bbhttp:\/\/www.liguedroitsenfant.be\/chartelgbtqi\/wp-content\/uploads\/sites\/6\/2018\/03\/Accepter.png\u00a0\u00bb _builder_version=\u00a0\u00bb3.0.106&Prime;]<br \/>\n[\/et_pb_image][\/et_pb_column][et_pb_column type=\u00a0\u00bb1_3&Prime;][et_pb_image src=\u00a0\u00bbhttp:\/\/www.liguedroitsenfant.be\/chartelgbtqi\/wp-content\/uploads\/sites\/6\/2018\/03\/respecter.png\u00a0\u00bb _builder_version=\u00a0\u00bb3.0.106&Prime;]<br \/>\n[\/et_pb_image][\/et_pb_column][et_pb_column type=\u00a0\u00bb1_3&Prime;][et_pb_image src=\u00a0\u00bbhttp:\/\/www.liguedroitsenfant.be\/chartelgbtqi\/wp-content\/uploads\/sites\/6\/2018\/03\/permettre.png\u00a0\u00bb _builder_version=\u00a0\u00bb3.0.106&Prime;]<br \/>\n[\/et_pb_image][\/et_pb_column][\/et_pb_row][et_pb_row use_custom_width=\u00a0\u00bbon\u00a0\u00bb width_unit=\u00a0\u00bboff\u00a0\u00bb custom_width_percent=\u00a0\u00bb100%\u00a0\u00bb custom_padding=\u00a0\u00bb24px|0px|25px|0px\u00a0\u00bb _builder_version=\u00a0\u00bb3.0.106&Prime; background_image=\u00a0\u00bbhttp:\/\/www.liguedroitsenfant.be\/chartelgbtqi\/wp-content\/uploads\/sites\/6\/2018\/11\/shutterstock_165696095.jpg\u00a0\u00bb background_position=\u00a0\u00bbbottom_center\u00a0\u00bb module_alignment=\u00a0\u00bbcenter\u00a0\u00bb][et_pb_column type=\u00a0\u00bb1_3&Prime;][et_pb_image src=\u00a0\u00bbhttp:\/\/www.liguedroitsenfant.be\/chartelgbtqi\/wp-content\/uploads\/sites\/6\/2018\/03\/\u00e9duquer.png\u00a0\u00bb _builder_version=\u00a0\u00bb3.0.106&Prime;]<br \/>\n[\/et_pb_image][\/et_pb_column][et_pb_column type=\u00a0\u00bb1_3&Prime;][et_pb_image src=\u00a0\u00bbhttp:\/\/www.liguedroitsenfant.be\/chartelgbtqi\/wp-content\/uploads\/sites\/6\/2018\/03\/REP\u00c9RER.png\u00a0\u00bb _builder_version=\u00a0\u00bb3.0.106&Prime;]<br \/>\n[\/et_pb_image][\/et_pb_column][et_pb_column type=\u00a0\u00bb1_3&Prime;][et_pb_image src=\u00a0\u00bbhttp:\/\/www.liguedroitsenfant.be\/chartelgbtqi\/wp-content\/uploads\/sites\/6\/2018\/03\/soutenir.png\u00a0\u00bb _builder_version=\u00a0\u00bb3.0.106&Prime;]<br \/>\n[\/et_pb_image][\/et_pb_column][\/et_pb_row][et_pb_row use_custom_width=\u00a0\u00bbon\u00a0\u00bb width_unit=\u00a0\u00bboff\u00a0\u00bb custom_width_percent=\u00a0\u00bb100%\u00a0\u00bb custom_padding=\u00a0\u00bb25px|0px|25px|0px\u00a0\u00bb _builder_version=\u00a0\u00bb3.0.106&Prime; background_image=\u00a0\u00bbhttp:\/\/www.liguedroitsenfant.be\/chartelgbtqi\/wp-content\/uploads\/sites\/6\/2018\/11\/shutterstock_691180921.jpg\u00a0\u00bb module_alignment=\u00a0\u00bbcenter\u00a0\u00bb][et_pb_column type=\u00a0\u00bb1_3&Prime;][et_pb_image src=\u00a0\u00bbhttp:\/\/www.liguedroitsenfant.be\/chartelgbtqi\/wp-content\/uploads\/sites\/6\/2018\/03\/lutter.png\u00a0\u00bb _builder_version=\u00a0\u00bb3.0.106&Prime;]<br \/>\n[\/et_pb_image][\/et_pb_column][et_pb_column type=\u00a0\u00bb1_3&Prime;][et_pb_image src=\u00a0\u00bbhttp:\/\/www.liguedroitsenfant.be\/chartelgbtqi\/wp-content\/uploads\/sites\/6\/2018\/03\/accompagner.png\u00a0\u00bb _builder_version=\u00a0\u00bb3.0.106&Prime;]<br \/>\n[\/et_pb_image][\/et_pb_column][et_pb_column type=\u00a0\u00bb1_3&Prime;][et_pb_image src=\u00a0\u00bbhttp:\/\/www.liguedroitsenfant.be\/chartelgbtqi\/wp-content\/uploads\/sites\/6\/2018\/03\/sanctionner.png\u00a0\u00bb _builder_version=\u00a0\u00bb3.0.106&Prime;]<br \/>\n[\/et_pb_image][\/et_pb_column][\/et_pb_row][\/et_pb_section][et_pb_section bb_built=\u00a0\u00bb1&Prime; custom_padding_last_edited=\u00a0\u00bbon|desktop\u00a0\u00bb _builder_version=\u00a0\u00bb3.0.47&Prime; custom_padding_tablet=\u00a0\u00bb50px|0|50px|0&Prime; padding_mobile=\u00a0\u00bboff\u00a0\u00bb prev_background_color=\u00a0\u00bb#000000&Prime; next_background_color=\u00a0\u00bb#000000&Prime;][et_pb_row padding_mobile=\u00a0\u00bboff\u00a0\u00bb column_padding_mobile=\u00a0\u00bbon\u00a0\u00bb _builder_version=\u00a0\u00bb3.0.47&Prime; background_size=\u00a0\u00bbinitial\u00a0\u00bb background_position=\u00a0\u00bbtop_left\u00a0\u00bb background_repeat=\u00a0\u00bbrepeat\u00a0\u00bb][et_pb_column type=\u00a0\u00bb4_4&Prime;][et_pb_text _builder_version=\u00a0\u00bb3.0.47&Prime; background_size=\u00a0\u00bbinitial\u00a0\u00bb background_position=\u00a0\u00bbtop_left\u00a0\u00bb background_repeat=\u00a0\u00bbrepeat\u00a0\u00bb]<\/p>\n<h2 style=\"text-align: center;\">Une initiative de<\/h2>\n<p>[\/et_pb_text][\/et_pb_column][\/et_pb_row][et_pb_row padding_mobile=\u00a0\u00bboff\u00a0\u00bb column_padding_mobile=\u00a0\u00bbon\u00a0\u00bb _builder_version=\u00a0\u00bb3.0.47&Prime; background_size=\u00a0\u00bbinitial\u00a0\u00bb background_position=\u00a0\u00bbtop_left\u00a0\u00bb background_repeat=\u00a0\u00bbrepeat\u00a0\u00bb][et_pb_column type=\u00a0\u00bb4_4&Prime;][et_pb_image src=\u00a0\u00bbhttp:\/\/www.liguedroitsenfant.be\/chartelgbtqi\/wp-content\/uploads\/sites\/6\/2016\/10\/Logo-OK-fond-trans.png\u00a0\u00bb url=\u00a0\u00bbhttp:\/\/www.liguedroitsenfant.be\u00a0\u00bb use_overlay=\u00a0\u00bbon\u00a0\u00bb hover_icon=\u00a0\u00bb%%51%%\u00a0\u00bb show_bottom_space=\u00a0\u00bboff\u00a0\u00bb align=\u00a0\u00bbcenter\u00a0\u00bb _builder_version=\u00a0\u00bb3.0.47&Prime; max_width=\u00a0\u00bb450px\u00a0\u00bb animation=\u00a0\u00bboff\u00a0\u00bb sticky=\u00a0\u00bbon\u00a0\u00bb animation_style=\u00a0\u00bbnone\u00a0\u00bb animation_duration=\u00a0\u00bb1000ms\u00a0\u00bb animation_intensity_slide=\u00a0\u00bb50%\u00a0\u00bb]<br \/>\n[\/et_pb_image][\/et_pb_column][\/et_pb_row][\/et_pb_section][et_pb_section bb_built=\u00a0\u00bb1&Prime; custom_padding_last_edited=\u00a0\u00bbon|desktop\u00a0\u00bb _builder_version=\u00a0\u00bb3.0.47&Prime; custom_padding=\u00a0\u00bb0|0px|54px|0px\u00a0\u00bb custom_padding_tablet=\u00a0\u00bb50px|0|50px|0&Prime; prev_background_color=\u00a0\u00bb#000000&Prime;][et_pb_row padding_mobile=\u00a0\u00bboff\u00a0\u00bb column_padding_mobile=\u00a0\u00bbon\u00a0\u00bb _builder_version=\u00a0\u00bb3.0.47&Prime; background_size=\u00a0\u00bbinitial\u00a0\u00bb background_position=\u00a0\u00bbtop_left\u00a0\u00bb background_repeat=\u00a0\u00bbrepeat\u00a0\u00bb][et_pb_column type=\u00a0\u00bb4_4&Prime;][et_pb_text _builder_version=\u00a0\u00bb3.0.47&Prime; background_size=\u00a0\u00bbinitial\u00a0\u00bb background_position=\u00a0\u00bbtop_left\u00a0\u00bb background_repeat=\u00a0\u00bbrepeat\u00a0\u00bb]<\/p>\n<h2 style=\"text-align: center;\">Les associations signataires<\/h2>\n<p>[\/et_pb_text][\/et_pb_column][\/et_pb_row][et_pb_row padding_mobile=\u00a0\u00bboff\u00a0\u00bb column_padding_mobile=\u00a0\u00bbon\u00a0\u00bb _builder_version=\u00a0\u00bb3.0.47&Prime; background_size=\u00a0\u00bbinitial\u00a0\u00bb background_position=\u00a0\u00bbtop_left\u00a0\u00bb background_repeat=\u00a0\u00bbrepeat\u00a0\u00bb][et_pb_column type=\u00a0\u00bb1_4&Prime;][et_pb_image src=\u00a0\u00bbhttp:\/\/www.liguedroitsenfant.be\/chartelgbtqi\/wp-content\/uploads\/sites\/6\/2016\/10\/logo-MAC2.png\u00a0\u00bb url=\u00a0\u00bbhttp:\/\/www.rainbowhouse.be\u00a0\u00bb use_overlay=\u00a0\u00bbon\u00a0\u00bb hover_icon=\u00a0\u00bb%%51%%\u00a0\u00bb show_bottom_space=\u00a0\u00bboff\u00a0\u00bb align=\u00a0\u00bbcenter\u00a0\u00bb _builder_version=\u00a0\u00bb3.0.47&Prime; max_width=\u00a0\u00bb200px\u00a0\u00bb animation=\u00a0\u00bboff\u00a0\u00bb sticky=\u00a0\u00bbon\u00a0\u00bb animation_style=\u00a0\u00bbnone\u00a0\u00bb animation_duration=\u00a0\u00bb1000ms\u00a0\u00bb animation_intensity_slide=\u00a0\u00bb50%\u00a0\u00bb]<br \/>\n[\/et_pb_image][\/et_pb_column][et_pb_column type=\u00a0\u00bb1_4&Prime;][et_pb_image src=\u00a0\u00bbhttp:\/\/www.liguedroitsenfant.be\/chartelgbtqi\/wp-content\/uploads\/sites\/6\/2016\/10\/alter-visio_logo_couleurs_250px.png\u00a0\u00bb url=\u00a0\u00bbhttp:\/\/www.alter-visio.be\u00a0\u00bb use_overlay=\u00a0\u00bbon\u00a0\u00bb hover_icon=\u00a0\u00bb%%51%%\u00a0\u00bb show_bottom_space=\u00a0\u00bboff\u00a0\u00bb align=\u00a0\u00bbcenter\u00a0\u00bb _builder_version=\u00a0\u00bb3.0.106&Prime; max_width=\u00a0\u00bb150px\u00a0\u00bb animation=\u00a0\u00bboff\u00a0\u00bb sticky=\u00a0\u00bbon\u00a0\u00bb]<br \/>\n[\/et_pb_image][\/et_pb_column][et_pb_column type=\u00a0\u00bb1_4&Prime;][et_pb_image src=\u00a0\u00bbhttp:\/\/www.liguedroitsenfant.be\/ecolepourtoutes\/wp-content\/uploads\/sites\/6\/2018\/11\/image.png\u00a0\u00bb url=\u00a0\u00bbhttp:\/\/www.lecef.org\u00a0\u00bb _builder_version=\u00a0\u00bb3.0.106&Prime;]<br \/>\n[\/et_pb_image][\/et_pb_column][et_pb_column type=\u00a0\u00bb1_4&Prime;][et_pb_image src=\u00a0\u00bbhttp:\/\/www.liguedroitsenfant.be\/chartelgbtqi\/wp-content\/uploads\/sites\/6\/2016\/10\/lescheff.png\u00a0\u00bb url=\u00a0\u00bbhttp:\/\/www.lescheff.be\/\u00a0\u00bb use_overlay=\u00a0\u00bbon\u00a0\u00bb hover_icon=\u00a0\u00bb%%51%%\u00a0\u00bb show_bottom_space=\u00a0\u00bboff\u00a0\u00bb align=\u00a0\u00bbcenter\u00a0\u00bb _builder_version=\u00a0\u00bb3.0.47&Prime; animation=\u00a0\u00bboff\u00a0\u00bb sticky=\u00a0\u00bbon\u00a0\u00bb animation_style=\u00a0\u00bbnone\u00a0\u00bb animation_duration=\u00a0\u00bb1000ms\u00a0\u00bb animation_intensity_slide=\u00a0\u00bb50%\u00a0\u00bb]<br \/>\n[\/et_pb_image][\/et_pb_column][\/et_pb_row][et_pb_row padding_mobile=\u00a0\u00bboff\u00a0\u00bb column_padding_mobile=\u00a0\u00bbon\u00a0\u00bb _builder_version=\u00a0\u00bb3.0.47&Prime; background_size=\u00a0\u00bbinitial\u00a0\u00bb background_position=\u00a0\u00bbtop_left\u00a0\u00bb background_repeat=\u00a0\u00bbrepeat\u00a0\u00bb][et_pb_column type=\u00a0\u00bb1_4&Prime;][et_pb_image src=\u00a0\u00bbhttp:\/\/www.liguedroitsenfant.be\/chartelgbtqi\/wp-content\/uploads\/sites\/6\/2016\/10\/genrespluriels.png\u00a0\u00bb url=\u00a0\u00bbhttp:\/\/www.genrespluriels\u00a0\u00bb use_overlay=\u00a0\u00bbon\u00a0\u00bb hover_icon=\u00a0\u00bb%%51%%\u00a0\u00bb show_bottom_space=\u00a0\u00bboff\u00a0\u00bb align=\u00a0\u00bbcenter\u00a0\u00bb _builder_version=\u00a0\u00bb3.0.47&Prime; max_width=\u00a0\u00bb150px\u00a0\u00bb animation=\u00a0\u00bboff\u00a0\u00bb sticky=\u00a0\u00bbon\u00a0\u00bb animation_style=\u00a0\u00bbnone\u00a0\u00bb animation_duration=\u00a0\u00bb1000ms\u00a0\u00bb animation_intensity_slide=\u00a0\u00bb50%\u00a0\u00bb]<br \/>\n[\/et_pb_image][\/et_pb_column][et_pb_column type=\u00a0\u00bb1_4&Prime;][et_pb_image src=\u00a0\u00bbhttp:\/\/www.liguedroitsenfant.be\/ecolepourtoutes\/wp-content\/uploads\/sites\/6\/2018\/11\/logoblanc-750&#215;348-2.png\u00a0\u00bb _builder_version=\u00a0\u00bb3.0.106&Prime;]<br \/>\n[\/et_pb_image][\/et_pb_column][et_pb_column type=\u00a0\u00bb1_4&Prime;][et_pb_image src=\u00a0\u00bbhttp:\/\/www.liguedroitsenfant.be\/ecolepourtoutes\/wp-content\/uploads\/sites\/6\/2018\/11\/homoparentalit-750&#215;413.jpg\u00a0\u00bb url=\u00a0\u00bbhttps:\/\/www.homoparentalites.be\u00a0\u00bb _builder_version=\u00a0\u00bb3.0.106&Prime;]<br \/>\n[\/et_pb_image][\/et_pb_column][et_pb_column type=\u00a0\u00bb1_4&Prime;][\/et_pb_column][\/et_pb_row][\/et_pb_section]<\/p>\n","protected":false},"excerpt":{"rendered":"<p>L\u00e9one Fran\u00e7ois, marraine \u00e9cole pour tout\u00b7e\u00b7s La charte Une initiative de Les associations signataires<\/p>\n","protected":false},"author":9,"featured_media":0,"parent":0,"menu_order":0,"comment_status":"closed","ping_status":"open","template":"","meta":{"_et_pb_use_builder":"on","_et_pb_old_content":"<p>Voici un exemple de page. Elle est diff\u00e9rente d\u2019un article de blog, en cela qu\u2019elle restera \u00e0 la m\u00eame place, et s\u2019affichera dans le menu de navigation de votre site (en fonction de votre th\u00e8me). La plupart des gens commencent par \u00e9crire une page \u00ab \u00c0 Propos \u00bb qui les pr\u00e9sente aux visiteurs potentiels du site. Vous pourriez y \u00e9crire quelque chose de ce tenant :<\/p><blockquote><p>Bonjour ! Je suis un m\u00e9canicien qui aspire \u00e0 devenir un acteur, et voici mon blog. J\u2019habite \u00e0 Bordeaux, j\u2019ai un super chien baptis\u00e9 Russell, et j\u2019aime la vodka-ananas (ainsi que regarder la pluie tomber).<\/p><\/blockquote><p>...ou bien quelque chose comme \u00e7a :<\/p><blockquote><p>La soci\u00e9t\u00e9 123 Machin Truc a \u00e9t\u00e9 cr\u00e9\u00e9e en 1971, et n\u2019a cess\u00e9 de proposer au public des machins-trucs de qualit\u00e9 depuis lors. Situ\u00e9e \u00e0 Saint-Remy-en-Bouzemont-Saint-Genest-et-Isson, 123 Machin Truc emploie 2 000 personnes, et fabrique toutes sortes de bidules super pour la communaut\u00e9 bouzemontoise.<\/p><\/blockquote><p>\u00c9tant donn\u00e9 que vous \u00eates un nouvel utilisateur de WordPress, vous devriez vous rendre sur votre <a href=\"http:\/\/www.liguedroitsenfant.be\/chartelgbtqi\/wp-admin\/\">Tableau de bord<\/a> pour effacer la pr\u00e9sente page, et cr\u00e9er de nouvelles pages avec votre propre contenu. Amusez-vous bien !<\/p>","_et_gb_content_width":"","footnotes":""},"class_list":["post-2","page","type-page","status-publish","hentry"],"yoast_head":"<!-- This site is optimized with the Yoast SEO plugin v27.4 - https:\/\/yoast.com\/product\/yoast-seo-wordpress\/ -->\n<title>acceuil - Ecole pour tout\u00b7e\u00b7s<\/title>\n<meta name=\"robots\" content=\"index, follow, max-snippet:-1, max-image-preview:large, max-video-preview:-1\" \/>\n<link rel=\"canonical\" href=\"https:\/\/www.liguedroitsenfant.be\/ecolepourtoutes\/\" \/>\n<meta property=\"og:locale\" content=\"fr_FR\" \/>\n<meta property=\"og:type\" content=\"article\" \/>\n<meta property=\"og:title\" content=\"acceuil - Ecole pour tout\u00b7e\u00b7s\" \/>\n<meta property=\"og:description\" content=\"L\u00e9one Fran\u00e7ois, marraine \u00e9cole pour tout\u00b7e\u00b7s La charte Une initiative de Les associations signataires\" \/>\n<meta property=\"og:url\" content=\"https:\/\/www.liguedroitsenfant.be\/ecolepourtoutes\/\" \/>\n<meta property=\"og:site_name\" content=\"Ecole pour tout\u00b7e\u00b7s\" \/>\n<meta property=\"article:modified_time\" content=\"2018-11-21T11:13:18+00:00\" \/>\n<meta name=\"twitter:card\" content=\"summary_large_image\" \/>\n<meta name=\"twitter:label1\" content=\"Dur\u00e9e de lecture estim\u00e9e\" \/>\n\t<meta name=\"twitter:data1\" content=\"6 minutes\" \/>\n<script type=\"application\/ld+json\" class=\"yoast-schema-graph\">{\"@context\":\"https:\\\/\\\/schema.org\",\"@graph\":[{\"@type\":\"WebPage\",\"@id\":\"https:\\\/\\\/www.liguedroitsenfant.be\\\/ecolepourtoutes\\\/\",\"url\":\"https:\\\/\\\/www.liguedroitsenfant.be\\\/ecolepourtoutes\\\/\",\"name\":\"acceuil - Ecole pour tout\u00b7e\u00b7s\",\"isPartOf\":{\"@id\":\"https:\\\/\\\/www.liguedroitsenfant.be\\\/ecolepourtoutes\\\/#website\"},\"datePublished\":\"2016-10-02T23:01:40+00:00\",\"dateModified\":\"2018-11-21T11:13:18+00:00\",\"breadcrumb\":{\"@id\":\"https:\\\/\\\/www.liguedroitsenfant.be\\\/ecolepourtoutes\\\/#breadcrumb\"},\"inLanguage\":\"fr-FR\",\"potentialAction\":[{\"@type\":\"ReadAction\",\"target\":[\"https:\\\/\\\/www.liguedroitsenfant.be\\\/ecolepourtoutes\\\/\"]}]},{\"@type\":\"BreadcrumbList\",\"@id\":\"https:\\\/\\\/www.liguedroitsenfant.be\\\/ecolepourtoutes\\\/#breadcrumb\",\"itemListElement\":[{\"@type\":\"ListItem\",\"position\":1,\"name\":\"Accueil\",\"item\":\"https:\\\/\\\/www.liguedroitsenfant.be\\\/ecolepourtoutes\\\/\"},{\"@type\":\"ListItem\",\"position\":2,\"name\":\"acceuil\"}]},{\"@type\":\"WebSite\",\"@id\":\"https:\\\/\\\/www.liguedroitsenfant.be\\\/ecolepourtoutes\\\/#website\",\"url\":\"https:\\\/\\\/www.liguedroitsenfant.be\\\/ecolepourtoutes\\\/\",\"name\":\"Ecole pour tout\u00b7e\u00b7s\",\"description\":\"Un site utilisant Sites Ligue des Droits de l'Enfant\",\"potentialAction\":[{\"@type\":\"SearchAction\",\"target\":{\"@type\":\"EntryPoint\",\"urlTemplate\":\"https:\\\/\\\/www.liguedroitsenfant.be\\\/ecolepourtoutes\\\/?s={search_term_string}\"},\"query-input\":{\"@type\":\"PropertyValueSpecification\",\"valueRequired\":true,\"valueName\":\"search_term_string\"}}],\"inLanguage\":\"fr-FR\"}]}<\/script>\n<!-- \/ Yoast SEO plugin. -->","yoast_head_json":{"title":"acceuil - Ecole pour tout\u00b7e\u00b7s","robots":{"index":"index","follow":"follow","max-snippet":"max-snippet:-1","max-image-preview":"max-image-preview:large","max-video-preview":"max-video-preview:-1"},"canonical":"https:\/\/www.liguedroitsenfant.be\/ecolepourtoutes\/","og_locale":"fr_FR","og_type":"article","og_title":"acceuil - Ecole pour tout\u00b7e\u00b7s","og_description":"L\u00e9one Fran\u00e7ois, marraine \u00e9cole pour tout\u00b7e\u00b7s La charte Une initiative de Les associations signataires","og_url":"https:\/\/www.liguedroitsenfant.be\/ecolepourtoutes\/","og_site_name":"Ecole pour tout\u00b7e\u00b7s","article_modified_time":"2018-11-21T11:13:18+00:00","twitter_card":"summary_large_image","twitter_misc":{"Dur\u00e9e de lecture estim\u00e9e":"6 minutes"},"schema":{"@context":"https:\/\/schema.org","@graph":[{"@type":"WebPage","@id":"https:\/\/www.liguedroitsenfant.be\/ecolepourtoutes\/","url":"https:\/\/www.liguedroitsenfant.be\/ecolepourtoutes\/","name":"acceuil - Ecole pour tout\u00b7e\u00b7s","isPartOf":{"@id":"https:\/\/www.liguedroitsenfant.be\/ecolepourtoutes\/#website"},"datePublished":"2016-10-02T23:01:40+00:00","dateModified":"2018-11-21T11:13:18+00:00","breadcrumb":{"@id":"https:\/\/www.liguedroitsenfant.be\/ecolepourtoutes\/#breadcrumb"},"inLanguage":"fr-FR","potentialAction":[{"@type":"ReadAction","target":["https:\/\/www.liguedroitsenfant.be\/ecolepourtoutes\/"]}]},{"@type":"BreadcrumbList","@id":"https:\/\/www.liguedroitsenfant.be\/ecolepourtoutes\/#breadcrumb","itemListElement":[{"@type":"ListItem","position":1,"name":"Accueil","item":"https:\/\/www.liguedroitsenfant.be\/ecolepourtoutes\/"},{"@type":"ListItem","position":2,"name":"acceuil"}]},{"@type":"WebSite","@id":"https:\/\/www.liguedroitsenfant.be\/ecolepourtoutes\/#website","url":"https:\/\/www.liguedroitsenfant.be\/ecolepourtoutes\/","name":"Ecole pour tout\u00b7e\u00b7s","description":"Un site utilisant Sites Ligue des Droits de l'Enfant","potentialAction":[{"@type":"SearchAction","target":{"@type":"EntryPoint","urlTemplate":"https:\/\/www.liguedroitsenfant.be\/ecolepourtoutes\/?s={search_term_string}"},"query-input":{"@type":"PropertyValueSpecification","valueRequired":true,"valueName":"search_term_string"}}],"inLanguage":"fr-FR"}]}},"_links":{"self":[{"href":"https:\/\/www.liguedroitsenfant.be\/ecolepourtoutes\/wp-json\/wp\/v2\/pages\/2","targetHints":{"allow":["GET"]}}],"collection":[{"href":"https:\/\/www.liguedroitsenfant.be\/ecolepourtoutes\/wp-json\/wp\/v2\/pages"}],"about":[{"href":"https:\/\/www.liguedroitsenfant.be\/ecolepourtoutes\/wp-json\/wp\/v2\/types\/page"}],"author":[{"embeddable":true,"href":"https:\/\/www.liguedroitsenfant.be\/ecolepourtoutes\/wp-json\/wp\/v2\/users\/9"}],"replies":[{"embeddable":true,"href":"https:\/\/www.liguedroitsenfant.be\/ecolepourtoutes\/wp-json\/wp\/v2\/comments?post=2"}],"version-history":[{"count":0,"href":"https:\/\/www.liguedroitsenfant.be\/ecolepourtoutes\/wp-json\/wp\/v2\/pages\/2\/revisions"}],"wp:attachment":[{"href":"https:\/\/www.liguedroitsenfant.be\/ecolepourtoutes\/wp-json\/wp\/v2\/media?parent=2"}],"curies":[{"name":"wp","href":"https:\/\/api.w.org\/{rel}","templated":true}]}}